{"id":3069,"date":"2026-03-12T15:45:55","date_gmt":"2026-03-12T15:45:55","guid":{"rendered":"https:\/\/tienda.megline.com.ar\/?post_type=product&#038;p=3069"},"modified":"2026-04-20T12:52:20","modified_gmt":"2026-04-20T12:52:20","slug":"cepillo-desenredante-acuarela-3","status":"publish","type":"product","link":"https:\/\/tienda.megline.com.ar\/?product=cepillo-desenredante-acuarela-3","title":{"rendered":"CEPILLO DESENREDANTE ACUARELA"},"content":{"rendered":"<p>&#x2714; Material liviano y resistente (polipropileno de alta calidad)<\/p>\n<p>&#x2714; Flexible, acompa\u00f1a el movimiento del pelo<\/p>\n<p>&#x2714; Apto para cabello h\u00famedo o seco<\/p>\n<p>&#x2714; F\u00e1cil limpieza e ideal para uso diario<\/p>\n<p>&#x2714; Disponible en 3 colores<\/p>\n","protected":false},"excerpt":{"rendered":"<p>&#x2714; Material liviano y resistente (polipropileno de alta calidad) &#x2714; Flexible, acompa\u00f1a el movimiento del pelo &#x2714; Apto para cabello h\u00famedo o seco &#x2714; F\u00e1cil limpieza e ideal para uso diario &#x2714; Disponible en 3 colores<\/p>\n","protected":false},"featured_media":3070,"comment_status":"open","ping_status":"closed","template":"","meta":[],"product_brand":[122],"product_cat":[132,128],"product_tag":[133],"class_list":{"0":"post-3069","1":"product","2":"type-product","3":"status-publish","4":"has-post-thumbnail","6":"product_brand-acuarela","7":"product_cat-cepillos","8":"product_cat-destacado","9":"product_tag-acuarela","11":"first","12":"instock","13":"shipping-taxable","14":"purchasable","15":"product-type-simple"},"_links":{"self":[{"href":"https:\/\/tienda.megline.com.ar\/index.php?rest_route=\/wp\/v2\/product\/3069","targetHints":{"allow":["GET"]}}],"collection":[{"href":"https:\/\/tienda.megline.com.ar\/index.php?rest_route=\/wp\/v2\/product"}],"about":[{"href":"https:\/\/tienda.megline.com.ar\/index.php?rest_route=\/wp\/v2\/types\/product"}],"replies":[{"embeddable":true,"href":"https:\/\/tienda.megline.com.ar\/index.php?rest_route=%2Fwp%2Fv2%2Fcomments&post=3069"}],"wp:featuredmedia":[{"embeddable":true,"href":"https:\/\/tienda.megline.com.ar\/index.php?rest_route=\/wp\/v2\/media\/3070"}],"wp:attachment":[{"href":"https:\/\/tienda.megline.com.ar\/index.php?rest_route=%2Fwp%2Fv2%2Fmedia&parent=3069"}],"wp:term":[{"taxonomy":"product_brand","embeddable":true,"href":"https:\/\/tienda.megline.com.ar\/index.php?rest_route=%2Fwp%2Fv2%2Fproduct_brand&post=3069"},{"taxonomy":"product_cat","embeddable":true,"href":"https:\/\/tienda.megline.com.ar\/index.php?rest_route=%2Fwp%2Fv2%2Fproduct_cat&post=3069"},{"taxonomy":"product_tag","embeddable":true,"href":"https:\/\/tienda.megline.com.ar\/index.php?rest_route=%2Fwp%2Fv2%2Fproduct_tag&post=3069"}],"curies":[{"name":"wp","href":"https:\/\/api.w.org\/{rel}","templated":true}]}}