{"id":3059,"date":"2026-03-12T15:37:21","date_gmt":"2026-03-12T15:37:21","guid":{"rendered":"https:\/\/tienda.megline.com.ar\/?post_type=product&#038;p=3059"},"modified":"2026-04-20T12:52:21","modified_gmt":"2026-04-20T12:52:21","slug":"cepillo-desenredante-acuarela","status":"publish","type":"product","link":"https:\/\/tienda.megline.com.ar\/?product=cepillo-desenredante-acuarela","title":{"rendered":"CEPILLO DESENREDANTE ACUARELA"},"content":{"rendered":"<p>&#x2714; Material liviano y resistente (polipropileno de alta calidad)<\/p>\n<p>&#x2714; Flexible, acompa\u00f1a el movimiento del pelo<\/p>\n<p>&#x2714; Apto para cabello h\u00famedo o seco<\/p>\n<p>&#x2714; F\u00e1cil limpieza e ideal para uso diario<\/p>\n<p>&#x2714; Disponible en 3 colores<\/p>\n","protected":false},"excerpt":{"rendered":"<p>&#x2714; Material liviano y resistente (polipropileno de alta calidad) &#x2714; Flexible, acompa\u00f1a el movimiento del pelo &#x2714; Apto para cabello h\u00famedo o seco &#x2714; F\u00e1cil limpieza e ideal para uso diario &#x2714; Disponible en 3 colores<\/p>\n","protected":false},"featured_media":3060,"comment_status":"open","ping_status":"closed","template":"","meta":[],"product_brand":[122],"product_cat":[19,132,128],"product_tag":[133],"class_list":{"0":"post-3059","1":"product","2":"type-product","3":"status-publish","4":"has-post-thumbnail","6":"product_brand-acuarela","7":"product_cat-sin-categorizar","8":"product_cat-cepillos","9":"product_cat-destacado","10":"product_tag-acuarela","12":"first","13":"instock","14":"shipping-taxable","15":"purchasable","16":"product-type-simple"},"_links":{"self":[{"href":"https:\/\/tienda.megline.com.ar\/index.php?rest_route=\/wp\/v2\/product\/3059","targetHints":{"allow":["GET"]}}],"collection":[{"href":"https:\/\/tienda.megline.com.ar\/index.php?rest_route=\/wp\/v2\/product"}],"about":[{"href":"https:\/\/tienda.megline.com.ar\/index.php?rest_route=\/wp\/v2\/types\/product"}],"replies":[{"embeddable":true,"href":"https:\/\/tienda.megline.com.ar\/index.php?rest_route=%2Fwp%2Fv2%2Fcomments&post=3059"}],"wp:featuredmedia":[{"embeddable":true,"href":"https:\/\/tienda.megline.com.ar\/index.php?rest_route=\/wp\/v2\/media\/3060"}],"wp:attachment":[{"href":"https:\/\/tienda.megline.com.ar\/index.php?rest_route=%2Fwp%2Fv2%2Fmedia&parent=3059"}],"wp:term":[{"taxonomy":"product_brand","embeddable":true,"href":"https:\/\/tienda.megline.com.ar\/index.php?rest_route=%2Fwp%2Fv2%2Fproduct_brand&post=3059"},{"taxonomy":"product_cat","embeddable":true,"href":"https:\/\/tienda.megline.com.ar\/index.php?rest_route=%2Fwp%2Fv2%2Fproduct_cat&post=3059"},{"taxonomy":"product_tag","embeddable":true,"href":"https:\/\/tienda.megline.com.ar\/index.php?rest_route=%2Fwp%2Fv2%2Fproduct_tag&post=3059"}],"curies":[{"name":"wp","href":"https:\/\/api.w.org\/{rel}","templated":true}]}}