{"id":2490,"date":"2025-06-30T15:54:20","date_gmt":"2025-06-30T15:54:20","guid":{"rendered":"https:\/\/tienda.megline.com.ar\/producto\/evo-ordene-urea-5-crema-x-400-ml-c-dosificador\/"},"modified":"2026-04-20T13:43:39","modified_gmt":"2026-04-20T13:43:39","slug":"evo-ordene-urea-5-crema-x-400-ml-c-dosificador","status":"publish","type":"product","link":"https:\/\/tienda.megline.com.ar\/?product=evo-ordene-urea-5-crema-x-400-ml-c-dosificador","title":{"rendered":"EVO ORDE\u00d1E UREA 5% crema x 400 ml c\/ dosificador"},"content":{"rendered":"<p>Cremas manos y cuerpo<\/p>\n<p>Pote 400 ml con v\u00e1lvula dosificadora<\/p>\n","protected":false},"excerpt":{"rendered":"<p><em>Crema de Orde\u00f1e con Urea al 5%<\/em><\/p>\n<p><em>F\u00f3rmula especialmente desarrollada para hidratar, suavizar y restaurar pieles extremadamente secas, \u00e1speras o descamadas. Su contenido de Urea al 5% ayuda a retener la humedad natural de la piel, favoreciendo una hidrataci\u00f3n profunda, mejorando la elasticidad y reduciendo la sensaci\u00f3n de tirantez.<\/em><\/p>\n<p><em>Es un excelente complemento en el cuidado diario de pieles afectadas por diabetes o psoriasis, ya que contribuye a mejorar la textura de la piel, disminuir la sequedad extrema y ayudar a mantener la barrera cut\u00e1nea en mejores condiciones.<\/em><\/p>\n<p><em>Su uso regular deja la piel m\u00e1s suave, flexible y visiblemente m\u00e1s saludable, ayudando a prevenir grietas, durezas y descamaci\u00f3n.<\/em><\/p>\n<p><em>Ideal para aplicar en pies, manos, piernas, codos y zonas de piel muy reseca.<\/em><\/p>\n<p><em>No reemplaza tratamientos m\u00e9dicos.<\/em><br \/>\n<em>Uso externo.<\/em><\/p>\n","protected":false},"featured_media":2560,"comment_status":"open","ping_status":"closed","template":"","meta":[],"product_brand":[64],"product_cat":[52,49,84,83,128],"product_tag":[70],"class_list":{"0":"post-2490","1":"product","2":"type-product","3":"status-publish","4":"has-post-thumbnail","6":"product_brand-evo-ordene","7":"product_cat-con-urea-5","8":"product_cat-crema-para-pieles-danadas","9":"product_cat-cremas-de-ordene","10":"product_cat-cuidado-de-la-piel","11":"product_cat-destacado","12":"product_tag-evo-ordene","14":"first","15":"instock","16":"featured","17":"shipping-taxable","18":"purchasable","19":"product-type-simple"},"_links":{"self":[{"href":"https:\/\/tienda.megline.com.ar\/index.php?rest_route=\/wp\/v2\/product\/2490","targetHints":{"allow":["GET"]}}],"collection":[{"href":"https:\/\/tienda.megline.com.ar\/index.php?rest_route=\/wp\/v2\/product"}],"about":[{"href":"https:\/\/tienda.megline.com.ar\/index.php?rest_route=\/wp\/v2\/types\/product"}],"replies":[{"embeddable":true,"href":"https:\/\/tienda.megline.com.ar\/index.php?rest_route=%2Fwp%2Fv2%2Fcomments&post=2490"}],"wp:featuredmedia":[{"embeddable":true,"href":"https:\/\/tienda.megline.com.ar\/index.php?rest_route=\/wp\/v2\/media\/2560"}],"wp:attachment":[{"href":"https:\/\/tienda.megline.com.ar\/index.php?rest_route=%2Fwp%2Fv2%2Fmedia&parent=2490"}],"wp:term":[{"taxonomy":"product_brand","embeddable":true,"href":"https:\/\/tienda.megline.com.ar\/index.php?rest_route=%2Fwp%2Fv2%2Fproduct_brand&post=2490"},{"taxonomy":"product_cat","embeddable":true,"href":"https:\/\/tienda.megline.com.ar\/index.php?rest_route=%2Fwp%2Fv2%2Fproduct_cat&post=2490"},{"taxonomy":"product_tag","embeddable":true,"href":"https:\/\/tienda.megline.com.ar\/index.php?rest_route=%2Fwp%2Fv2%2Fproduct_tag&post=2490"}],"curies":[{"name":"wp","href":"https:\/\/api.w.org\/{rel}","templated":true}]}}