{"id":2403,"date":"2025-05-26T13:29:52","date_gmt":"2025-05-26T13:29:52","guid":{"rendered":"https:\/\/tienda.megline.com.ar\/?post_type=product&#038;p=2403"},"modified":"2026-04-20T12:43:31","modified_gmt":"2026-04-20T12:43:31","slug":"dr-liquido-20","status":"publish","type":"product","link":"https:\/\/tienda.megline.com.ar\/?product=dr-liquido-20","title":{"rendered":"DR 20 Oxidante Capilar (20 vol.) L\u00edquido x 100 ml."},"content":{"rendered":"<h5>Oxidante Capilar<\/h5>\n<p>Pote x 100 ml.<\/p>\n","protected":false},"excerpt":{"rendered":"<p><em>El Oxidante Capilar DR. Volumen 20 l\u00edquido est\u00e1 dise\u00f1ado para brindar una mezcla r\u00e1pida, homog\u00e9nea y de alta penetraci\u00f3n, optimizando el rendimiento de tinturas y polvos decolorantes.<\/em><\/p>\n<p><em>Su consistencia fluida permite una mejor absorci\u00f3n en la fibra capilar, favoreciendo un desarrollo del color m\u00e1s intenso y uniforme. El Volumen 20 (6%) es ideal para cobertura de canas, activaci\u00f3n de pigmentos y aclaraciones suaves de hasta dos tonos.<\/em><\/p>\n<p><em>Es la opci\u00f3n preferida para trabajos t\u00e9cnicos que requieren precisi\u00f3n, rapidez y m\u00e1xima efectividad en cada aplicaci\u00f3n.<\/em><\/p>\n","protected":false},"featured_media":2404,"comment_status":"open","ping_status":"closed","template":"","meta":[],"product_brand":[66],"product_cat":[104],"product_tag":[74],"class_list":{"0":"post-2403","1":"product","2":"type-product","3":"status-publish","4":"has-post-thumbnail","6":"product_brand-dr","7":"product_cat-20-volumenes","8":"product_tag-dr","10":"first","11":"instock","12":"shipping-taxable","13":"purchasable","14":"product-type-simple"},"_links":{"self":[{"href":"https:\/\/tienda.megline.com.ar\/index.php?rest_route=\/wp\/v2\/product\/2403","targetHints":{"allow":["GET"]}}],"collection":[{"href":"https:\/\/tienda.megline.com.ar\/index.php?rest_route=\/wp\/v2\/product"}],"about":[{"href":"https:\/\/tienda.megline.com.ar\/index.php?rest_route=\/wp\/v2\/types\/product"}],"replies":[{"embeddable":true,"href":"https:\/\/tienda.megline.com.ar\/index.php?rest_route=%2Fwp%2Fv2%2Fcomments&post=2403"}],"wp:featuredmedia":[{"embeddable":true,"href":"https:\/\/tienda.megline.com.ar\/index.php?rest_route=\/wp\/v2\/media\/2404"}],"wp:attachment":[{"href":"https:\/\/tienda.megline.com.ar\/index.php?rest_route=%2Fwp%2Fv2%2Fmedia&parent=2403"}],"wp:term":[{"taxonomy":"product_brand","embeddable":true,"href":"https:\/\/tienda.megline.com.ar\/index.php?rest_route=%2Fwp%2Fv2%2Fproduct_brand&post=2403"},{"taxonomy":"product_cat","embeddable":true,"href":"https:\/\/tienda.megline.com.ar\/index.php?rest_route=%2Fwp%2Fv2%2Fproduct_cat&post=2403"},{"taxonomy":"product_tag","embeddable":true,"href":"https:\/\/tienda.megline.com.ar\/index.php?rest_route=%2Fwp%2Fv2%2Fproduct_tag&post=2403"}],"curies":[{"name":"wp","href":"https:\/\/api.w.org\/{rel}","templated":true}]}}