{"id":2397,"date":"2025-05-26T13:27:30","date_gmt":"2025-05-26T13:27:30","guid":{"rendered":"https:\/\/tienda.megline.com.ar\/?post_type=product&#038;p=2397"},"modified":"2026-04-20T12:47:01","modified_gmt":"2026-04-20T12:47:01","slug":"dr-hierbas-30","status":"publish","type":"product","link":"https:\/\/tienda.megline.com.ar\/?product=dr-hierbas-30","title":{"rendered":"DR 30 Oxidante Capilar (30 vol.) Hierbas x 100 ml"},"content":{"rendered":"<h5>Oxidante Capilar<\/h5>\n<p>Pote x 100 ml.<\/p>\n","protected":false},"excerpt":{"rendered":"<p><em>El Oxidante Capilar DR. Volumen 30 con Hierbas Naturales combina una acci\u00f3n aclarante m\u00e1s profunda con el cuidado de extractos bot\u00e1nicos, brindando resultados intensos sin descuidar la salud capilar.<\/em><\/p>\n<p><em>Su f\u00f3rmula enriquecida con hierbas naturales ayuda a hidratar, proteger y reforzar la fibra capilar durante procesos de aclaraci\u00f3n, mechas y coloraciones de alto impacto. El Volumen 30 (9%) permite elevar el tono hasta 3 niveles, logrando colores m\u00e1s luminosos, parejos y duraderos.<\/em><\/p>\n<p><em>Ideal para quienes buscan potencia y cuidado en un solo producto.<\/em><\/p>\n","protected":false},"featured_media":2398,"comment_status":"open","ping_status":"closed","template":"","meta":[],"product_brand":[66],"product_cat":[105],"product_tag":[74],"class_list":{"0":"post-2397","1":"product","2":"type-product","3":"status-publish","4":"has-post-thumbnail","6":"product_brand-dr","7":"product_cat-30-volumenes","8":"product_tag-dr","10":"first","11":"instock","12":"shipping-taxable","13":"purchasable","14":"product-type-simple"},"_links":{"self":[{"href":"https:\/\/tienda.megline.com.ar\/index.php?rest_route=\/wp\/v2\/product\/2397","targetHints":{"allow":["GET"]}}],"collection":[{"href":"https:\/\/tienda.megline.com.ar\/index.php?rest_route=\/wp\/v2\/product"}],"about":[{"href":"https:\/\/tienda.megline.com.ar\/index.php?rest_route=\/wp\/v2\/types\/product"}],"replies":[{"embeddable":true,"href":"https:\/\/tienda.megline.com.ar\/index.php?rest_route=%2Fwp%2Fv2%2Fcomments&post=2397"}],"wp:featuredmedia":[{"embeddable":true,"href":"https:\/\/tienda.megline.com.ar\/index.php?rest_route=\/wp\/v2\/media\/2398"}],"wp:attachment":[{"href":"https:\/\/tienda.megline.com.ar\/index.php?rest_route=%2Fwp%2Fv2%2Fmedia&parent=2397"}],"wp:term":[{"taxonomy":"product_brand","embeddable":true,"href":"https:\/\/tienda.megline.com.ar\/index.php?rest_route=%2Fwp%2Fv2%2Fproduct_brand&post=2397"},{"taxonomy":"product_cat","embeddable":true,"href":"https:\/\/tienda.megline.com.ar\/index.php?rest_route=%2Fwp%2Fv2%2Fproduct_cat&post=2397"},{"taxonomy":"product_tag","embeddable":true,"href":"https:\/\/tienda.megline.com.ar\/index.php?rest_route=%2Fwp%2Fv2%2Fproduct_tag&post=2397"}],"curies":[{"name":"wp","href":"https:\/\/api.w.org\/{rel}","templated":true}]}}