{"id":2379,"date":"2025-05-26T13:18:43","date_gmt":"2025-05-26T13:18:43","guid":{"rendered":"https:\/\/tienda.megline.com.ar\/?post_type=product&#038;p=2379"},"modified":"2026-04-20T14:04:06","modified_gmt":"2026-04-20T14:04:06","slug":"gomina-clasica","status":"publish","type":"product","link":"https:\/\/tienda.megline.com.ar\/?product=gomina-clasica","title":{"rendered":"GOMINA Fijador Cl\u00e1sico x 150 g."},"content":{"rendered":"<p>Fijador de Cabello<\/p>\n<h5>Pomo x 150 g.<\/h5>\n","protected":false},"excerpt":{"rendered":"<p><em>Gomina Gel Estilo Cl\u00e1sico \u2013 Pomo 150 g<\/em><\/p>\n<p><em>El toque tradicional que nunca falla.<\/em><br \/>\n<em>Gel gomina de fijaci\u00f3n media, ideal para peinados cl\u00e1sicos y prolijos. Aporta control, definici\u00f3n y brillo moderado, dejando el cabello ordenado sin rigidez.<\/em><\/p>\n<p><em>Perfecto para uso diario y para quienes buscan un look natural, elegante y bien definido<\/em>.<\/p>\n","protected":false},"featured_media":2380,"comment_status":"open","ping_status":"closed","template":"","meta":[],"product_brand":[69],"product_cat":[119,59],"product_tag":[72],"class_list":{"0":"post-2379","1":"product","2":"type-product","3":"status-publish","4":"has-post-thumbnail","6":"product_brand-gomina","7":"product_cat-clasico","8":"product_cat-geles-cabello","9":"product_tag-gomina","11":"first","12":"instock","13":"shipping-taxable","14":"purchasable","15":"product-type-simple"},"_links":{"self":[{"href":"https:\/\/tienda.megline.com.ar\/index.php?rest_route=\/wp\/v2\/product\/2379","targetHints":{"allow":["GET"]}}],"collection":[{"href":"https:\/\/tienda.megline.com.ar\/index.php?rest_route=\/wp\/v2\/product"}],"about":[{"href":"https:\/\/tienda.megline.com.ar\/index.php?rest_route=\/wp\/v2\/types\/product"}],"replies":[{"embeddable":true,"href":"https:\/\/tienda.megline.com.ar\/index.php?rest_route=%2Fwp%2Fv2%2Fcomments&post=2379"}],"wp:featuredmedia":[{"embeddable":true,"href":"https:\/\/tienda.megline.com.ar\/index.php?rest_route=\/wp\/v2\/media\/2380"}],"wp:attachment":[{"href":"https:\/\/tienda.megline.com.ar\/index.php?rest_route=%2Fwp%2Fv2%2Fmedia&parent=2379"}],"wp:term":[{"taxonomy":"product_brand","embeddable":true,"href":"https:\/\/tienda.megline.com.ar\/index.php?rest_route=%2Fwp%2Fv2%2Fproduct_brand&post=2379"},{"taxonomy":"product_cat","embeddable":true,"href":"https:\/\/tienda.megline.com.ar\/index.php?rest_route=%2Fwp%2Fv2%2Fproduct_cat&post=2379"},{"taxonomy":"product_tag","embeddable":true,"href":"https:\/\/tienda.megline.com.ar\/index.php?rest_route=%2Fwp%2Fv2%2Fproduct_tag&post=2379"}],"curies":[{"name":"wp","href":"https:\/\/api.w.org\/{rel}","templated":true}]}}