{"id":2377,"date":"2025-05-26T13:17:59","date_gmt":"2025-05-26T13:17:59","guid":{"rendered":"https:\/\/tienda.megline.com.ar\/?post_type=product&#038;p=2377"},"modified":"2026-04-20T14:05:23","modified_gmt":"2026-04-20T14:05:23","slug":"gomina-fuerte-2","status":"publish","type":"product","link":"https:\/\/tienda.megline.com.ar\/?product=gomina-fuerte-2","title":{"rendered":"GOMINA Fijador Efecto Fuerte x 500 g"},"content":{"rendered":"<p>Fijador de Cabello con bomba dosificadora.<\/p>\n<h5>Pomo x 500 g.<\/h5>\n","protected":false},"excerpt":{"rendered":"<p><em>\u00a0Gomina Gel Fijaci\u00f3n Fuerte \u2013 500 g con v\u00e1lvula<\/em><\/p>\n<p><em>M\u00e1ximo control en formato profesional.<\/em><br \/>\n<em>Gel gomina de fijaci\u00f3n fuerte que asegura peinados definidos y de larga duraci\u00f3n. Su presentaci\u00f3n en bote familiar con v\u00e1lvula dosificadora permite una aplicaci\u00f3n pr\u00e1ctica, limpia y sin desperdicio, ideal para barber\u00edas, peluquer\u00edas y uso intensivo.<\/em><\/p>\n<p><em>Mantiene el peinado firme durante todo el d\u00eda, aportando brillo natural y un acabado prolijo sin dejar residuos.<\/em><\/p>\n","protected":false},"featured_media":2378,"comment_status":"open","ping_status":"closed","template":"","meta":[],"product_brand":[69],"product_cat":[120,59],"product_tag":[72],"class_list":{"0":"post-2377","1":"product","2":"type-product","3":"status-publish","4":"has-post-thumbnail","6":"product_brand-gomina","7":"product_cat-fuerte-geles-para-el-cabello","8":"product_cat-geles-cabello","9":"product_tag-gomina","11":"first","12":"instock","13":"shipping-taxable","14":"purchasable","15":"product-type-simple"},"_links":{"self":[{"href":"https:\/\/tienda.megline.com.ar\/index.php?rest_route=\/wp\/v2\/product\/2377","targetHints":{"allow":["GET"]}}],"collection":[{"href":"https:\/\/tienda.megline.com.ar\/index.php?rest_route=\/wp\/v2\/product"}],"about":[{"href":"https:\/\/tienda.megline.com.ar\/index.php?rest_route=\/wp\/v2\/types\/product"}],"replies":[{"embeddable":true,"href":"https:\/\/tienda.megline.com.ar\/index.php?rest_route=%2Fwp%2Fv2%2Fcomments&post=2377"}],"wp:featuredmedia":[{"embeddable":true,"href":"https:\/\/tienda.megline.com.ar\/index.php?rest_route=\/wp\/v2\/media\/2378"}],"wp:attachment":[{"href":"https:\/\/tienda.megline.com.ar\/index.php?rest_route=%2Fwp%2Fv2%2Fmedia&parent=2377"}],"wp:term":[{"taxonomy":"product_brand","embeddable":true,"href":"https:\/\/tienda.megline.com.ar\/index.php?rest_route=%2Fwp%2Fv2%2Fproduct_brand&post=2377"},{"taxonomy":"product_cat","embeddable":true,"href":"https:\/\/tienda.megline.com.ar\/index.php?rest_route=%2Fwp%2Fv2%2Fproduct_cat&post=2377"},{"taxonomy":"product_tag","embeddable":true,"href":"https:\/\/tienda.megline.com.ar\/index.php?rest_route=%2Fwp%2Fv2%2Fproduct_tag&post=2377"}],"curies":[{"name":"wp","href":"https:\/\/api.w.org\/{rel}","templated":true}]}}