{"id":2375,"date":"2025-05-26T13:17:01","date_gmt":"2025-05-26T13:17:01","guid":{"rendered":"https:\/\/tienda.megline.com.ar\/?post_type=product&#038;p=2375"},"modified":"2026-04-20T14:04:07","modified_gmt":"2026-04-20T14:04:07","slug":"gomina-fuerte","status":"publish","type":"product","link":"https:\/\/tienda.megline.com.ar\/?product=gomina-fuerte","title":{"rendered":"GOMINA Fijador Efecto Fuerte x 150 g."},"content":{"rendered":"<p>Fijador de Cabello<\/p>\n<h5>Pomo x 150 g.<\/h5>\n","protected":false},"excerpt":{"rendered":"<p><em>Gomina Gel Fijaci\u00f3n Fuerte \u2013 Pomo 150 g<\/em><\/p>\n<p><em>Control extremo y peinado duradero.<\/em><br \/>\n<em>Gel gomina de fijaci\u00f3n fuerte que mantiene el peinado intacto durante todo el d\u00eda. Ideal para estilos marcados, definidos y estructurados, sin dejar residuos ni sensaci\u00f3n pegajosa.<\/em><\/p>\n<p><em>Aporta brillo natural y permite moldear el cabello con facilidad, dejando un acabado prolijo y profesional.<\/em><\/p>\n<p><em>Perfecto para looks que necesitan m\u00e1xima duraci\u00f3n y control.<\/em><\/p>\n","protected":false},"featured_media":2376,"comment_status":"open","ping_status":"closed","template":"","meta":[],"product_brand":[69],"product_cat":[120,59],"product_tag":[72],"class_list":{"0":"post-2375","1":"product","2":"type-product","3":"status-publish","4":"has-post-thumbnail","6":"product_brand-gomina","7":"product_cat-fuerte-geles-para-el-cabello","8":"product_cat-geles-cabello","9":"product_tag-gomina","11":"first","12":"instock","13":"shipping-taxable","14":"purchasable","15":"product-type-simple"},"_links":{"self":[{"href":"https:\/\/tienda.megline.com.ar\/index.php?rest_route=\/wp\/v2\/product\/2375","targetHints":{"allow":["GET"]}}],"collection":[{"href":"https:\/\/tienda.megline.com.ar\/index.php?rest_route=\/wp\/v2\/product"}],"about":[{"href":"https:\/\/tienda.megline.com.ar\/index.php?rest_route=\/wp\/v2\/types\/product"}],"replies":[{"embeddable":true,"href":"https:\/\/tienda.megline.com.ar\/index.php?rest_route=%2Fwp%2Fv2%2Fcomments&post=2375"}],"wp:featuredmedia":[{"embeddable":true,"href":"https:\/\/tienda.megline.com.ar\/index.php?rest_route=\/wp\/v2\/media\/2376"}],"wp:attachment":[{"href":"https:\/\/tienda.megline.com.ar\/index.php?rest_route=%2Fwp%2Fv2%2Fmedia&parent=2375"}],"wp:term":[{"taxonomy":"product_brand","embeddable":true,"href":"https:\/\/tienda.megline.com.ar\/index.php?rest_route=%2Fwp%2Fv2%2Fproduct_brand&post=2375"},{"taxonomy":"product_cat","embeddable":true,"href":"https:\/\/tienda.megline.com.ar\/index.php?rest_route=%2Fwp%2Fv2%2Fproduct_cat&post=2375"},{"taxonomy":"product_tag","embeddable":true,"href":"https:\/\/tienda.megline.com.ar\/index.php?rest_route=%2Fwp%2Fv2%2Fproduct_tag&post=2375"}],"curies":[{"name":"wp","href":"https:\/\/api.w.org\/{rel}","templated":true}]}}