{"id":2351,"date":"2025-05-26T12:58:47","date_gmt":"2025-05-26T12:58:47","guid":{"rendered":"https:\/\/tienda.megline.com.ar\/?post_type=product&#038;p=2351"},"modified":"2026-04-20T13:52:56","modified_gmt":"2026-04-20T13:52:56","slug":"evo-ordene-4","status":"publish","type":"product","link":"https:\/\/tienda.megline.com.ar\/?product=evo-ordene-4","title":{"rendered":"ORDE\u00d1E EVO NATURAL Estuche x 265 ml + 100 ml \u2013 30% GRATIS"},"content":{"rendered":"<p>Estuche 30% de descuento<br \/>\nCrema manos y cuerpo<\/p>\n<h5>Pote x 265 ml + Pote x 100 ml.<\/h5>\n","protected":false},"excerpt":{"rendered":"<p><em>CREMA DE ORDE\u00d1E &#8211; PIELES DA\u00d1ADAS.<\/em><br \/>\n<em>VITAMINA A \/ ALOE VERA<\/em><\/p>\n<p><em>La Crema para manos y cuerpo Evo Orde\u00f1e compuesta por Triglic\u00e9rido Capr\u00edlico C\u00e1prico, Vitamina A y Aloe Vera, est\u00e1 recomendada para pieles da\u00f1adas por su alto poder regenerativo<\/em><\/p>\n<p><em>Combo Reparaci\u00f3n EVO \u2013 Ahorro Especial<\/em><br \/>\n<em>Llev\u00e1 tu Crema de Orde\u00f1e EVO con Vitamina A y Aloe Vera en presentaci\u00f3n combo y obten\u00e9 m\u00e1s cuidado por menos precio.<\/em><\/p>\n<p><em>Dise\u00f1ado para regenerar, hidratar y tratar pieles da\u00f1adas, incluyendo afecciones como psoriasis, diabetes, ros\u00e1cea, estr\u00edas y grietas<\/em><\/p>\n","protected":false},"featured_media":2701,"comment_status":"open","ping_status":"closed","template":"","meta":[],"product_brand":[64],"product_cat":[49,84,83,128,50],"product_tag":[70],"class_list":{"0":"post-2351","1":"product","2":"type-product","3":"status-publish","4":"has-post-thumbnail","6":"product_brand-evo-ordene","7":"product_cat-crema-para-pieles-danadas","8":"product_cat-cremas-de-ordene","9":"product_cat-cuidado-de-la-piel","10":"product_cat-destacado","11":"product_cat-tradicional","12":"product_tag-evo-ordene","14":"first","15":"instock","16":"featured","17":"shipping-taxable","18":"purchasable","19":"product-type-simple"},"_links":{"self":[{"href":"https:\/\/tienda.megline.com.ar\/index.php?rest_route=\/wp\/v2\/product\/2351","targetHints":{"allow":["GET"]}}],"collection":[{"href":"https:\/\/tienda.megline.com.ar\/index.php?rest_route=\/wp\/v2\/product"}],"about":[{"href":"https:\/\/tienda.megline.com.ar\/index.php?rest_route=\/wp\/v2\/types\/product"}],"replies":[{"embeddable":true,"href":"https:\/\/tienda.megline.com.ar\/index.php?rest_route=%2Fwp%2Fv2%2Fcomments&post=2351"}],"wp:featuredmedia":[{"embeddable":true,"href":"https:\/\/tienda.megline.com.ar\/index.php?rest_route=\/wp\/v2\/media\/2701"}],"wp:attachment":[{"href":"https:\/\/tienda.megline.com.ar\/index.php?rest_route=%2Fwp%2Fv2%2Fmedia&parent=2351"}],"wp:term":[{"taxonomy":"product_brand","embeddable":true,"href":"https:\/\/tienda.megline.com.ar\/index.php?rest_route=%2Fwp%2Fv2%2Fproduct_brand&post=2351"},{"taxonomy":"product_cat","embeddable":true,"href":"https:\/\/tienda.megline.com.ar\/index.php?rest_route=%2Fwp%2Fv2%2Fproduct_cat&post=2351"},{"taxonomy":"product_tag","embeddable":true,"href":"https:\/\/tienda.megline.com.ar\/index.php?rest_route=%2Fwp%2Fv2%2Fproduct_tag&post=2351"}],"curies":[{"name":"wp","href":"https:\/\/api.w.org\/{rel}","templated":true}]}}