{"id":2265,"date":"2025-05-13T14:48:56","date_gmt":"2025-05-13T14:48:56","guid":{"rendered":"https:\/\/tienda.megline.com.ar\/?post_type=product&#038;p=2265"},"modified":"2026-04-20T13:58:27","modified_gmt":"2026-04-20T13:58:27","slug":"evo-ordene-pomo-x100ml","status":"publish","type":"product","link":"https:\/\/tienda.megline.com.ar\/?product=evo-ordene-pomo-x100ml","title":{"rendered":"ORDE\u00d1E EVO NATURAL Emulsi\u00f3n Pomo x 100 ml."},"content":{"rendered":"<p>EMULSION MANOS Y CUERPO POMO X 100ML<\/p>\n","protected":false},"excerpt":{"rendered":"<p><em>Crema de Orde\u00f1e EVO en Pomo \u2013 Hidrataci\u00f3n donde la necesites<\/em><br \/>\n<em>Presentaci\u00f3n c\u00f3moda, higi\u00e9nica y f\u00e1cil de aplicar.<\/em><br \/>\n<em>Brinda nutrici\u00f3n intensa sin dejar sensaci\u00f3n grasosa, perfecta para uso diario en el trabajo o fuera de casa.<\/em><\/p>\n<p><em>Repara la piel da\u00f1ada y la protege contra la resequedad<\/em>.<\/p>\n","protected":false},"featured_media":2267,"comment_status":"open","ping_status":"closed","template":"","meta":[],"product_brand":[64],"product_cat":[49,84,83,50],"product_tag":[70],"class_list":{"0":"post-2265","1":"product","2":"type-product","3":"status-publish","4":"has-post-thumbnail","6":"product_brand-evo-ordene","7":"product_cat-crema-para-pieles-danadas","8":"product_cat-cremas-de-ordene","9":"product_cat-cuidado-de-la-piel","10":"product_cat-tradicional","11":"product_tag-evo-ordene","13":"first","14":"instock","15":"featured","16":"shipping-taxable","17":"purchasable","18":"product-type-simple"},"_links":{"self":[{"href":"https:\/\/tienda.megline.com.ar\/index.php?rest_route=\/wp\/v2\/product\/2265","targetHints":{"allow":["GET"]}}],"collection":[{"href":"https:\/\/tienda.megline.com.ar\/index.php?rest_route=\/wp\/v2\/product"}],"about":[{"href":"https:\/\/tienda.megline.com.ar\/index.php?rest_route=\/wp\/v2\/types\/product"}],"replies":[{"embeddable":true,"href":"https:\/\/tienda.megline.com.ar\/index.php?rest_route=%2Fwp%2Fv2%2Fcomments&post=2265"}],"wp:featuredmedia":[{"embeddable":true,"href":"https:\/\/tienda.megline.com.ar\/index.php?rest_route=\/wp\/v2\/media\/2267"}],"wp:attachment":[{"href":"https:\/\/tienda.megline.com.ar\/index.php?rest_route=%2Fwp%2Fv2%2Fmedia&parent=2265"}],"wp:term":[{"taxonomy":"product_brand","embeddable":true,"href":"https:\/\/tienda.megline.com.ar\/index.php?rest_route=%2Fwp%2Fv2%2Fproduct_brand&post=2265"},{"taxonomy":"product_cat","embeddable":true,"href":"https:\/\/tienda.megline.com.ar\/index.php?rest_route=%2Fwp%2Fv2%2Fproduct_cat&post=2265"},{"taxonomy":"product_tag","embeddable":true,"href":"https:\/\/tienda.megline.com.ar\/index.php?rest_route=%2Fwp%2Fv2%2Fproduct_tag&post=2265"}],"curies":[{"name":"wp","href":"https:\/\/api.w.org\/{rel}","templated":true}]}}