{"id":1678,"date":"2022-06-06T07:42:22","date_gmt":"2022-06-06T07:42:22","guid":{"rendered":"https:\/\/nicktesting.kinsta.cloud\/shopdiko1\/?page_id=10"},"modified":"2025-07-28T13:54:56","modified_gmt":"2025-07-28T13:54:56","slug":"cart-wooshop-v1","status":"publish","type":"page","link":"https:\/\/tienda.megline.com.ar\/?page_id=1678","title":{"rendered":"Carrito"},"content":{"rendered":"\t\t<div data-elementor-type=\"wp-page\" data-elementor-id=\"1678\" class=\"elementor elementor-1678\" data-elementor-post-type=\"page\">\n\t\t\t\t\t\t<section class=\"elementor-section elementor-top-section elementor-element elementor-element-66f22496 elementor-section-boxed elementor-section-height-default elementor-section-height-default wpr-particle-no wpr-jarallax-no wpr-parallax-no wpr-sticky-section-no\" data-id=\"66f22496\" data-element_type=\"section\" data-e-type=\"section\">\n\t\t\t\t\t\t<div class=\"elementor-container elementor-column-gap-default\">\n\t\t\t\t\t<div class=\"elementor-column elementor-col-100 elementor-top-column elementor-element elementor-element-27ed61d9\" data-id=\"27ed61d9\" data-element_type=\"column\" data-e-type=\"column\">\n\t\t\t<div class=\"elementor-widget-wrap elementor-element-populated\">\n\t\t\t\t\t\t<div class=\"elementor-element elementor-element-00300b3 elementor-widget elementor-widget-heading\" data-id=\"00300b3\" data-element_type=\"widget\" data-e-type=\"widget\" data-widget_type=\"heading.default\">\n\t\t\t\t<div class=\"elementor-widget-container\">\n\t\t\t\t\t<h2 class=\"elementor-heading-title elementor-size-default\">Carrito<\/h2>\t\t\t\t<\/div>\n\t\t\t\t<\/div>\n\t\t\t\t<div class=\"elementor-element elementor-element-cb3d557 elementor-widget elementor-widget-text-editor\" data-id=\"cb3d557\" data-element_type=\"widget\" data-e-type=\"widget\" data-widget_type=\"text-editor.default\">\n\t\t\t\t<div class=\"elementor-widget-container\">\n\t\t\t\t\t\t\t\t\t<p>Est\u00e1s a un paso de tener tus productos.<\/p>\t\t\t\t\t\t\t\t<\/div>\n\t\t\t\t<\/div>\n\t\t\t\t<div class=\"elementor-element elementor-element-3d36673 wpr-cart-vertical wpr-checkout-flex-end elementor-widget elementor-widget-wpr-page-cart\" data-id=\"3d36673\" data-element_type=\"widget\" data-e-type=\"widget\" data-widget_type=\"wpr-page-cart.default\">\n\t\t\t\t<div class=\"elementor-widget-container\">\n\t\t\t\t\t<div class=\"woocommerce\"><div class=\"woocommerce-notices-wrapper\"><\/div><div class=\"wc-empty-cart-message\">\n\t<div class=\"cart-empty woocommerce-info\">\n\t\tTu carrito est\u00e1 vac\u00edo.\t<\/div>\n<\/div>\t<p class=\"return-to-shop\">\n\t\t<a class=\"button wc-backward\" href=\"https:\/\/tienda.megline.com.ar\/?page_id=1680\">\n\t\t\tVolver a la tienda\t\t<\/a>\n\t<\/p>\n<\/div>\t\t\t\t<\/div>\n\t\t\t\t<\/div>\n\t\t\t\t\t<\/div>\n\t\t<\/div>\n\t\t\t\t\t<\/div>\n\t\t<\/section>\n\t\t\t\t<\/div>\n\t\t","protected":false},"excerpt":{"rendered":"<p>Carrito Est\u00e1s a un paso de tener tus productos. &nbsp; Producto &nbsp; Precio Cantidad Subtotal &times; EVO ORDE\u00d1E &#36;10.00 EVO ORDE\u00d1E cantidad &#36;20.00 Actualizar Aplicar cup\u00f3n Total Carrito Subtotal &#36;20.00 Env\u00edo Introduce tu direcci\u00f3n para ver las opciones de env\u00edo. Calcular env\u00edo Pa\u00eds \/ Regi\u00f3n Selecciona un pa\u00eds\/regi\u00f3n&hellip;Afganist\u00e1nAlbaniaAlemaniaAndorraAngolaAnguilaAnt\u00e1rtidaAntigua y BarbudaArabia SauditaArgeliaArgentinaArmeniaArubaAustraliaAustriaAzerbaijanBahamasBahrainBangladeshBarbadosBelauB\u00e9lgicaBelizeBeninBermudaBhutanBielorrusiaBirmaniaBoliviaBonaire, San Eustaquio y SabaBosnia y HerzegovinaBotswanaBrasilBrun\u00e9iBulgariaBurkina FasoBurundiCabo VerdeCamboyaCamer\u00fanCanad\u00e1ChadChileChinaChipreCiudad del VaticanoColombiaComorasCongo (Brazzaville)Congo (Kinshasa)Corea del NorteCorea del SurCosta de MarfilCosta RicaCroaciaCubaCura&ccedil;aoDinamarcaDjiboutiDominicaEcuadorEgiptoEl SalvadorEmiratos \u00c1rabes UnidosEritreaEslovaquiaEsloveniaEspa\u00f1aEstados Unidos (EEUU)EstoniaEsuatiniEtiop\u00edaFilipinasFinlandiaFiyiFranciaGab\u00f3nGambiaGeorgiaGhanaGibraltarGranadaGreciaGroenlandiaGuadalupeGuamGuatemalaGuayana FrancesaGuernseyGuineaGuinea EcuatorialGuinea-Bis\u00e1uGuyanaHait\u00edHondurasHong KongHungr\u00edaIndiaIndonesiaIrakIr\u00e1nIrlandaIsla BouvetIsla de ManIsla de NavidadIsla NorfolkIsla Santa ElenaIslandiaIslas \u00c5landIslas Caim\u00e1nIslas CocosIslas CookIslas de ultramar menores de Estados Unidos (EEUU)Islas FeroeIslas Georgias y Sandwich del SurIslas Heard y McDonaldIslas MalvinasIslas Marianas del NorteIslas MarshallIslas Salom\u00f3nIslas Turcas y CaicosIslas V\u00edrgenes (Brit\u00e1nicas)Islas V\u00edrgenes (EEUU)IsraelItaliaJamaicaJap\u00f3nJerseyJordaniaKazajist\u00e1nKeniaKirguist\u00e1nKiribatiKuwaitLaosLesotoLetoniaL\u00edbanoLiberiaLibiaLiechtensteinLituaniaLuxemburgoMacaoMacedonia del NorteMadagascarMalasiaMalauiMaldivasMal\u00edMaltaMarruecosMartinicaMauricioMauritaniaMayotteM\u00e9xicoMicronesiaMoldaviaM\u00f3nacoMongoliaMontenegroMontserratMozambiqueNamibiaNauruNepalNicaraguaN\u00edgerNigeriaNiueNoruegaNueva CaledoniaNueva ZelandaOm\u00e1nPa\u00edses BajosPakist\u00e1nPanam\u00e1Pap\u00faa Nueva GuineaParaguayPer\u00faPitcairnPolinesia FrancesaPoloniaPortugalPuerto RicoQatarReino Unido (UK)Rep\u00fablica CentroafricanaRep\u00fablica ChecaRep\u00fablica DominicanaReuni\u00f3nRuandaRumaniaRusiaSahara OccidentalSamoaSamoa AmericanaSan Bartolom\u00e9San Crist\u00f3bal y NievesSan MarinoSan Mart\u00edn (Pa\u00edses Bajos)San Mart\u00edn (parte de Francia)San Pedro y Miquel\u00f3nSan Vicente y las GranadinasSanta Luc\u00edaSanto Tom\u00e9 y Pr\u00edncipeSenegalSerbiaSeychellesSierra LeonaSingapurSiriaSomaliaSri LankaSud\u00e1fricaSud\u00e1nSud\u00e1n del SurSueciaSuizaSurinamSvalbard y Jan MayenTailandiaTaiw\u00e1nTanzaniaTayikist\u00e1nTerritorio Brit\u00e1nico del Oc\u00e9ano \u00cdndicoTerritorios australes francesesTerritorios PalestinosTimor OrientalTogoTokelauTongaTrinidad y TobagoT\u00fanezTurkmenist\u00e1nTurqu\u00edaTuvaluUcraniaUgandaUruguayUzbekist\u00e1nVanuatuVenezuelaVietnamWallis y FutunaYemenZambiaZimbabue Regi\u00f3n \/ Provincia Elige una opci\u00f3n&hellip;AlabamaAlaskaArizonaArkansasCaliforniaColoradoConnecticutDelawareDistrito de ColumbiaFloridaGeorgiaHawaiiIdahoIllinoisIndianaIowaKansasKentuckyLouisianaMaineMarylandMassachusettsMichiganMinnesotaMisisipiMissouriMontanaNebraskaNevadaNew HampshireNew JerseyNew MexicoNew YorkNorth CarolinaNorth DakotaOhioOklahomaOreg\u00f3nPennsylvaniaRhode IslandSouth CarolinaSouth DakotaTennesseeTexasUtahVermontVirginiaWashingtonWest VirginiaWisconsinWyomingFuerzas Armadas (AA)Fuerzas Armadas USFuerzas Armadas US Ciudad: C\u00f3digo postal: Actualizar Total &#36;20.00 Finalizar compra<\/p>\n","protected":false},"author":3,"featured_media":0,"parent":0,"menu_order":0,"comment_status":"closed","ping_status":"closed","template":"elementor_canvas","meta":{"footnotes":""},"class_list":["post-1678","page","type-page","status-publish","hentry"],"_links":{"self":[{"href":"https:\/\/tienda.megline.com.ar\/index.php?rest_route=\/wp\/v2\/pages\/1678","targetHints":{"allow":["GET"]}}],"collection":[{"href":"https:\/\/tienda.megline.com.ar\/index.php?rest_route=\/wp\/v2\/pages"}],"about":[{"href":"https:\/\/tienda.megline.com.ar\/index.php?rest_route=\/wp\/v2\/types\/page"}],"author":[{"embeddable":true,"href":"https:\/\/tienda.megline.com.ar\/index.php?rest_route=\/wp\/v2\/users\/3"}],"replies":[{"embeddable":true,"href":"https:\/\/tienda.megline.com.ar\/index.php?rest_route=%2Fwp%2Fv2%2Fcomments&post=1678"}],"version-history":[{"count":16,"href":"https:\/\/tienda.megline.com.ar\/index.php?rest_route=\/wp\/v2\/pages\/1678\/revisions"}],"predecessor-version":[{"id":2482,"href":"https:\/\/tienda.megline.com.ar\/index.php?rest_route=\/wp\/v2\/pages\/1678\/revisions\/2482"}],"wp:attachment":[{"href":"https:\/\/tienda.megline.com.ar\/index.php?rest_route=%2Fwp%2Fv2%2Fmedia&parent=1678"}],"curies":[{"name":"wp","href":"https:\/\/api.w.org\/{rel}","templated":true}]}}